{"id":683,"date":"2016-09-13T10:26:23","date_gmt":"2016-09-13T10:26:23","guid":{"rendered":"http:\/\/gruene-kreistagsfraktion-hildesheim.de\/?page_id=683"},"modified":"2025-02-11T14:33:51","modified_gmt":"2025-02-11T14:33:51","slug":"fraktion-2016","status":"publish","type":"page","link":"http:\/\/gruene-kreistagsfraktion-hildesheim.de\/?page_id=683","title":{"rendered":"Fraktion"},"content":{"rendered":"\n<!-- \/wp:post-content --><!-- \/wp:html --><!-- wp:post-content --><!-- wp:post-content --><!-- wp:html --> \n<div class=\"column2of2\">\n<h3>Holger Schroeter-Mallohn &#8211; Fraktionsvorsitzender<\/h3>\n<figure><a class=\"fancybox\" rel=\"gallery683\" href=\"http:\/\/gruene-kreistagsfraktion-hildesheim.de\/wp-content\/uploads\/2021\/11\/Gruene_Domning-Ekkehard.jpg\"><img loading=\"lazy\" decoding=\"async\" class=\"alignleft size-thumbnail wp-image-1572\" src=\"http:\/\/gruene-kreistagsfraktion-hildesheim.de\/wp-content\/uploads\/2021\/11\/Gruene_Schroeter-Mallohn-Holger.jpg\" alt=\"\" width=\"150\" height=\"150\"><\/a>Kreistagsmitglied seit 1989 (mit Unterbrechung)\n\u2013 Kreisausschuss; Ausschuss f\u00fcr Finanzen, Personal, Digitalisierung und Innere Dienste (stellv. Vorsitzender);\n&#8211; Ausschuss f\u00fcr Soziales, Jugend, Sport und Gesundheit (Sprecher Gr\u00fcne);\n&#8211; Aufsichtsrat Kreiswohnbau Hildesheim GmbH (stellv. Vorsitzender);\n&#8211; Aufsichtsrat Kurbetriebsgesellschaft;\n&#8211; Fraktionsvorstand<\/figure>\n<\/div>\n\n\n<!-- wp:heading {\"level\":3} -->\n<h3 class=\"wp-block-heading\">&nbsp;<\/h3>\n<!-- \/wp:heading --> \n\n\n<div class=\"column2of2\">\n<h3>Ekkehard Domning, stv. Fraktionsvorsitzender<\/h3>\n<figure><a class=\"fancybox\" rel=\"gallery683\" href=\"http:\/\/gruene-kreistagsfraktion-hildesheim.de\/wp-content\/uploads\/2021\/11\/Gruene_Domning-Ekkehard.jpg\"><img loading=\"lazy\" decoding=\"async\" class=\"alignleft size-thumbnail wp-image-1572\" src=\"http:\/\/gruene-kreistagsfraktion-hildesheim.de\/wp-content\/uploads\/2021\/11\/Gruene_Domning-Ekkehard-150x150.jpg\" alt=\"\" width=\"150\" height=\"150\" srcset=\"http:\/\/gruene-kreistagsfraktion-hildesheim.de\/wp-content\/uploads\/2021\/11\/Gruene_Domning-Ekkehard-150x150.jpg 150w, http:\/\/gruene-kreistagsfraktion-hildesheim.de\/wp-content\/uploads\/2021\/11\/Gruene_Domning-Ekkehard-125x125.jpg 125w, http:\/\/gruene-kreistagsfraktion-hildesheim.de\/wp-content\/uploads\/2021\/11\/Gruene_Domning-Ekkehard.jpg 600w\" sizes=\"auto, (max-width: 150px) 100vw, 150px\" \/><\/a>Kreistagsmitglied seit 2008\n\u2013 Ausschuss f\u00fcr Migration, Integration, Bev\u00f6lkerungsentwicklung und Netzzugang (Vorsitzender);\n-Ausschuss f\u00fcr Bildung, Kreisentwicklung, Bau \u2013 und Tiefbau (stellv. Vorsitz);\n-Ausschuss f\u00fcr Klimaschutz, Umwelt und Hochwasserschutz;\n-Aufsichtsrat Regionalverkehr Hildesheim;\n-Fraktionsvorstand<\/figure>\n<\/div>\n<!-- \/wp:html -->\n\n<!-- wp:html -->\n<div class=\"column2of2\">\n<h3>&nbsp;<\/h3>\n<h3>Dr. Susanne Weber, stv. Fraktionsvorsitzende<\/h3>\n<figure><a class=\"fancybox\" rel=\"gallery683\" href=\"http:\/\/gruene-kreistagsfraktion-hildesheim.de\/wp-content\/uploads\/2021\/11\/Gruene_Weber-Susanne.jpg\"><img loading=\"lazy\" decoding=\"async\" class=\"alignleft size-thumbnail wp-image-1579\" src=\"http:\/\/gruene-kreistagsfraktion-hildesheim.de\/wp-content\/uploads\/2021\/11\/Gruene_Weber-Susanne-150x150.jpg\" alt=\"\" width=\"150\" height=\"150\" srcset=\"http:\/\/gruene-kreistagsfraktion-hildesheim.de\/wp-content\/uploads\/2021\/11\/Gruene_Weber-Susanne-150x150.jpg 150w, http:\/\/gruene-kreistagsfraktion-hildesheim.de\/wp-content\/uploads\/2021\/11\/Gruene_Weber-Susanne-125x125.jpg 125w, http:\/\/gruene-kreistagsfraktion-hildesheim.de\/wp-content\/uploads\/2021\/11\/Gruene_Weber-Susanne.jpg 600w\" sizes=\"auto, (max-width: 150px) 100vw, 150px\" \/><\/a>Kreistagsmitglied seit 2021\n\u2013 Ausschuss f\u00fcr Klimaschutz, Umwelt und Hochwasserschutz (Vorsitzende);\n-Ausschuss f\u00fcr Bildung, Kreisentwicklung, Bau- und Tiefbau;\n-Gesellschafterrat der Klimaagentur;\n-Beirat der Wirtschaftsf\u00f6rderungsgesellschaft Hildesheim;\n-Verbandsausschuss Zweckverband Abfallwirtschaft;\n-Aufsichtsrat Kreiswohnbau Hildesheim GmbH;\n-Fraktionsvorstand<\/figure>\n<\/div>\n<!-- \/wp:html -->\n\n<!-- wp:html -->\n<div class=\"column2of2\">\n<h3>&nbsp;<\/h3>\n<h3>Gabriele Ruddigkeit, stv. Fraktionsvorsitzende<\/h3>\n<figure><a class=\"fancybox\" rel=\"gallery683\" href=\"http:\/\/gruene-kreistagsfraktion-hildesheim.de\/wp-content\/uploads\/2025\/02\/IMG_8633-600.jpg\"><img loading=\"lazy\" decoding=\"async\" class=\"alignleft size-thumbnail wp-image-1579\" src=\"http:\/\/gruene-kreistagsfraktion-hildesheim.de\/wp-content\/uploads\/2025\/02\/IMG_8633-600.jpg\" alt=\"\" width=\"150\" height=\"150\"><\/a>Kreistagsmitglied seit 2021,\n\u2013 Ausschuss f\u00fcr Migration, Integration, Bev\u00f6lkerungsentwicklung und Netzzugang;\n-Ausschuss f\u00fcr Schule und Kultur; Ausschuss f\u00fcr Soziales, Jugend, Sport und Gesundheit;\n-Beirat der Volkshochschule Hildesheim;\n-Fraktionsvorstand<\/figure>\n<\/div>\n<!-- \/wp:html -->\n\n<!-- wp:heading {\"level\":3} -->\n<h3 class=\"wp-block-heading\">&nbsp;<\/h3>\n&nbsp;\n\n<!-- \/wp:heading -->\n\n<!-- wp:html --> \n<div class=\"column2of2\">\n<h3>Dr. Holger Sch\u00fctte<\/h3>\n<figure><a class=\"fancybox\" rel=\"gallery683\" href=\"http:\/\/gruene-kreistagsfraktion-hildesheim.de\/wp-content\/uploads\/2021\/11\/Gruene_DrSchuette-Holger.jpg\"><img loading=\"lazy\" decoding=\"async\" class=\"alignleft size-thumbnail wp-image-1573\" src=\"http:\/\/gruene-kreistagsfraktion-hildesheim.de\/wp-content\/uploads\/2021\/11\/Gruene_DrSchuette-Holger-150x150.jpg\" alt=\"\" width=\"150\" height=\"150\" srcset=\"http:\/\/gruene-kreistagsfraktion-hildesheim.de\/wp-content\/uploads\/2021\/11\/Gruene_DrSchuette-Holger-150x150.jpg 150w, http:\/\/gruene-kreistagsfraktion-hildesheim.de\/wp-content\/uploads\/2021\/11\/Gruene_DrSchuette-Holger-125x125.jpg 125w, http:\/\/gruene-kreistagsfraktion-hildesheim.de\/wp-content\/uploads\/2021\/11\/Gruene_DrSchuette-Holger.jpg 600w\" sizes=\"auto, (max-width: 150px) 100vw, 150px\" \/><\/a>Kreistagsmitglied seit 2011\n\u2013 Ausschuss f\u00fcr Finanzen, Personal, Digitalisierung&nbsp;und Innere Dienste (stellv. Vorsitz);\n-Ausschuss f\u00fcr Verkehrssicherheit, Verbraucher- und Bev\u00f6lkerungsschutz;\n-Arbeitskreis Digitalisierung (Vorsitzender);\n-Aufsichtsrat Landkreis Hildesheim Holding GmbH;\n-Aufsichtsrat \u00dcberlandwerke Leinetal<\/figure>\n<\/div>\n<!-- \/wp:html -->\n\n<!-- wp:html -->\n<div class=\"column2of2\">\n<h3>&nbsp;<\/h3>\n<h3>Lutz Loebel<\/h3>\n<figure><a class=\"fancybox\" rel=\"gallery683\" href=\"http:\/\/gruene-kreistagsfraktion-hildesheim.de\/wp-content\/uploads\/2023\/09\/Lutz-Loebel-IMG_7979-600.jpg\"><img loading=\"lazy\" decoding=\"async\" class=\"alignleft size-thumbnail wp-image-1579\" src=\"http:\/\/gruene-kreistagsfraktion-hildesheim.de\/wp-content\/uploads\/2023\/09\/Lutz-Loebel-IMG_7979-600.jpg\" alt=\"\" width=\"150\" height=\"150\"><\/a>Kreistagsmitglied seit 2023\n\u2013 Ausschuss f\u00fcr Verkehrssicherheit, Verbraucher- und Bev\u00f6lkerungsschutz;\n-Ausschuss f\u00fcr Soziales, Jugend, Sport und Gesundheit;\n-Jugendhilfeausschuss;\n-Regionalbeirat der Sparkasse Hildesheim<\/figure>\n<\/div>\n<!-- \/wp:html -->\n\n<!-- wp:html -->\n<div class=\"column2of2\">\n<h3>&nbsp;<\/h3>\n<h3>&nbsp;<\/h3>\n<h3>Stefan Kolan<\/h3>\n<figure><a class=\"fancybox\" rel=\"gallery683\" href=\"http:\/\/gruene-kreistagsfraktion-hildesheim.de\/wp-content\/uploads\/2023\/01\/Stefan-Kolan-IMG_8232-600.jpg\"><img loading=\"lazy\" decoding=\"async\" class=\"alignleft size-thumbnail wp-image-1579\" src=\"http:\/\/gruene-kreistagsfraktion-hildesheim.de\/wp-content\/uploads\/2023\/01\/Stefan-Kolan-IMG_8232-600.jpg\" alt=\"\" width=\"150\" height=\"150\"><\/a>Kreistagsmitglied seit 2022\n\u2013 Jugendhilfeausschuss (stellv. Vorsitz);\n-Ausschuss f\u00fcr Klimaschutz, Umwelt und Hochwasserschutz;\n-Ausschuss f\u00fcr Soziales, Jugend, Sport und Gesundheit;\n-Aufsichtsrat Theater f\u00fcr Niedersachsen<\/figure>\n<\/div>\n<!-- wp:html -->\n<div class=\"column2of2\">\n<h3>&nbsp;<\/h3>\n<h3>&nbsp;<\/h3>\n\n<h3>Caroline Lud\u00e4scher<\/h3>\n<figure><a class=\"fancybox\" rel=\"gallery683\" href=\"http:\/\/gruene-kreistagsfraktion-hildesheim.de\/wp-content\/uploads\/2021\/11\/Gruene_Ludaescher-Caroline.jpg\"><img loading=\"lazy\" decoding=\"async\" class=\"alignleft size-thumbnail wp-image-1579\" src=\"http:\/\/gruene-kreistagsfraktion-hildesheim.de\/wp-content\/uploads\/2021\/11\/Gruene_Ludaescher-Caroline.jpg\" alt=\"\" width=\"150\" height=\"150\"><\/a>Kreistagsmitglied seit 2021\n\u2013 Ausschuss f\u00fcr Schule und Kultur;\n-Ausschuss f\u00fcr Migration, Integration, Bev\u00f6lkerungsentwicklung und Netzzugang;\n-Bildungsbeirat (stellv. Vorsitzende);\n-Verbandsausschuss F\u00f6rderzentrum Bockfeld;\n-Aufsichtsrat Betriebsgesellschaft Jugendeinrichtungen gGmbH<\/figure>\n<\/div>\n<!-- wp:html -->\n<div class=\"column2of2\">\n<h3>&nbsp;<\/h3>\n<h3>&nbsp;<\/h3>\n<h3>Peter Diefenbach<\/h3>\n<figure><a class=\"fancybox\" rel=\"gallery683\" href=\"http:\/\/gruene-kreistagsfraktion-hildesheim.de\/wp-content\/uploads\/2021\/11\/Gruene_Diefenbach-Peter.jpg\"><img loading=\"lazy\" decoding=\"async\" class=\"alignleft size-thumbnail wp-image-1579\" src=\"http:\/\/gruene-kreistagsfraktion-hildesheim.de\/wp-content\/uploads\/2021\/11\/Gruene_Diefenbach-Peter.jpg\" alt=\"\" width=\"150\" height=\"150\"><\/a>Kreistagsmitglied seit 2021\n\u2013 stellv. Landrat seit 2024, Kreisausschuss (stellv. Vorsitzender);\n-Ausschuss f\u00fcr Schule und Kultur (Sprecher Gr\u00fcne);\n-Ausschuss f\u00fcr Bildung, Kreisentwicklung, Bau \u2013 und Tiefbau;\n-Beirat Jobcenter;\n-Beirat Landesverband Hildesheim e.V.;\n-Verbandsversammlung Sparkassenverband Hildesheim<\/figure>\n<\/div>\n<!-- wp:html -->\n<div class=\"column2of2\">\n<h3>&nbsp;<\/h3>\n<h3>Oliver Kersten-Wilk<\/h3>\n<figure><a class=\"fancybox\" rel=\"gallery683\" href=\"http:\/\/gruene-kreistagsfraktion-hildesheim.de\/wp-content\/uploads\/2024\/03\/Oliver_Kersten-Wilk_600.jpg\"><img loading=\"lazy\" decoding=\"async\" class=\"alignleft size-thumbnail wp-image-1579\" src=\"http:\/\/gruene-kreistagsfraktion-hildesheim.de\/wp-content\/uploads\/2024\/03\/Oliver_Kersten-Wilk_600.jpg\" alt=\"\" width=\"150\" height=\"150\"><\/a>Kreistagsmitglied seit 2013 (mit Unterbrechung)\n\u2013 Ausschuss f\u00fcr Klimaschutz, Umwelt und Hochwasserschutz;\n-Sicherungs- und Sanierungsbeirat;\n-Gesellschafterrat der Klimaschutzagentur<\/figure>\n<\/div>\n<!-- \/wp:html -->\n<!-- \/wp:html -->","protected":false},"excerpt":{"rendered":"<p>Holger Schroeter-Mallohn &#8211; Fraktionsvorsitzender Kreistagsmitglied seit 1989 (mit Unterbrechung) \u2013 Kreisausschuss; Ausschuss f\u00fcr Finanzen, Personal, Digitalisierung und Innere Dienste (stellv. Vorsitzender); &#8211; Ausschuss f\u00fcr Soziales, Jugend, Sport und Gesundheit (Sprecher Gr\u00fcne); &#8211; Aufsichtsrat Kreiswohnbau Hildesheim GmbH (stellv. Vorsitzender); &#8211; Aufsichtsrat Kurbetriebsgesellschaft; &#8211; Fraktionsvorstand &nbsp; Ekkehard Domning, stv. Fraktionsvorsitzender Kreistagsmitglied seit 2008 \u2013 Ausschuss f\u00fcr Migration, Integration, Bev\u00f6lkerungsentwicklung und Netzzugang (Vorsitzender); -Ausschuss f\u00fcr Bildung, Kreisentwicklung, Bau \u2013 und Tiefbau (stellv. Vorsitz); -Ausschuss f\u00fcr Klimaschutz, Umwelt und Hochwasserschutz; -Aufsichtsrat Regionalverkehr Hildesheim; -Fraktionsvorstand &nbsp; Dr. Susanne Weber, stv. Fraktionsvorsitzende Kreistagsmitglied seit 2021 \u2013 Ausschuss f\u00fcr Klimaschutz, Umwelt und Hochwasserschutz (Vorsitzende); -Ausschuss f\u00fcr Bildung, Kreisentwicklung, Bau- und Tiefbau; -Gesellschafterrat der Klimaagentur; -Beirat der Wirtschaftsf\u00f6rderungsgesellschaft&#8230;  <a href=\"http:\/\/gruene-kreistagsfraktion-hildesheim.de\/?page_id=683\" title=\"Read Fraktion\" class=\"readmore\">Weiterlesen &raquo;<\/a><\/p>\n","protected":false},"author":1,"featured_media":0,"parent":0,"menu_order":0,"comment_status":"closed","ping_status":"closed","template":"","meta":{"ngg_post_thumbnail":0,"footnotes":""},"class_list":["post-683","page","type-page","status-publish","hentry"],"_links":{"self":[{"href":"http:\/\/gruene-kreistagsfraktion-hildesheim.de\/index.php?rest_route=\/wp\/v2\/pages\/683","targetHints":{"allow":["GET"]}}],"collection":[{"href":"http:\/\/gruene-kreistagsfraktion-hildesheim.de\/index.php?rest_route=\/wp\/v2\/pages"}],"about":[{"href":"http:\/\/gruene-kreistagsfraktion-hildesheim.de\/index.php?rest_route=\/wp\/v2\/types\/page"}],"author":[{"embeddable":true,"href":"http:\/\/gruene-kreistagsfraktion-hildesheim.de\/index.php?rest_route=\/wp\/v2\/users\/1"}],"replies":[{"embeddable":true,"href":"http:\/\/gruene-kreistagsfraktion-hildesheim.de\/index.php?rest_route=%2Fwp%2Fv2%2Fcomments&post=683"}],"version-history":[{"count":137,"href":"http:\/\/gruene-kreistagsfraktion-hildesheim.de\/index.php?rest_route=\/wp\/v2\/pages\/683\/revisions"}],"predecessor-version":[{"id":2031,"href":"http:\/\/gruene-kreistagsfraktion-hildesheim.de\/index.php?rest_route=\/wp\/v2\/pages\/683\/revisions\/2031"}],"wp:attachment":[{"href":"http:\/\/gruene-kreistagsfraktion-hildesheim.de\/index.php?rest_route=%2Fwp%2Fv2%2Fmedia&parent=683"}],"curies":[{"name":"wp","href":"https:\/\/api.w.org\/{rel}","templated":true}]}}