{"id":39,"date":"2014-04-25T19:32:55","date_gmt":"2014-04-25T19:32:55","guid":{"rendered":"http:\/\/gruene-kreistagsfraktion-hildesheim.de\/?page_id=39"},"modified":"2025-02-11T08:51:02","modified_gmt":"2025-02-11T08:51:02","slug":"impressum","status":"publish","type":"page","link":"http:\/\/gruene-kreistagsfraktion-hildesheim.de\/?page_id=39","title":{"rendered":"Impressum"},"content":{"rendered":"<p><strong>&nbsp;<\/strong><\/p>\n<p><strong>&nbsp;<\/strong><\/p>\n<h3>Impressum:<\/h3>\n<div id=\"layoutMainColumn\">\n<div>\n<div id=\"mainContent\">\n<div id=\"o94555\">\n<div id=\"c94555\">\n<p><b>Kreistagsfraktion Hildesheim von B\u00fcndnis 90 \/ Die Gr\u00fcnen <\/b><br \/>\nVertretungsberechtiger: Fraktionsvorsitzender Holger Schr\u00f6ter-Mallohn (V.i.S.d.P)<\/p>\n<p>Kreishaus, Zimmer-Nr. 279<br \/>\nBischof-Janssen-Str. 31<br \/>\n31134 Hildesheim<br \/>\nTel 05121 \/ 309-2791<\/p>\n<p>Email: <a href=\"mailto:klaus.schaefer2@landkreishildesheim.de\"><strong><\/strong><\/a><strong><a>jessica.sharma@landkreishildesheim.de<\/a><\/strong><\/p>\n<p>Webmasterin: Jessica Sharma<br \/>\n<b>Datenschutzerkl\u00e4rung<\/b><\/p>\n<p>Wir wissen, dass Sie dem Thema Datenschutz gro\u00dfe Bedeutung beimessen. Deshalb ist uns der Schutz Ihrer pers\u00f6nlichen Daten ein wichtiges Anliegen..<\/p>\n<p><b>Pers\u00f6nliche Daten<br \/>\n<\/b>Pers\u00f6nliche Daten, die Sie uns elektronisch \u00fcbermitteln, z.B. Ihren Namen, Postanschrift, E-Mail-Adresse oder andere pers\u00f6nlichen Angaben, werden von uns nur zum jeweils angegebenen Zweck verwendet, sicher verwahrt und nicht an Dritte weitergegeben. Wir werden Ihnen nur Informationen zuschicken, sofern Sie sich f\u00fcr entsprechende Dienste angemeldet haben.<\/p>\n<p><b>Recht auf Widerruf<br \/>\n<\/b>Sie haben jederzeit das Recht auf Widerruf; schicken Sie bitte eine Mail an uns. Ich werde Ihre Daten dann umgehend l\u00f6schen.<\/p>\n<p><b>Links zu anderen Websites<br \/>\n<\/b>Sie finden auf unseren Seiten Links zu anderen Seiten im Internet. F\u00fcr alle diese Links und Banner gilt, dass ich keinerlei Einfluss auf die Gestaltung und die Inhalte der gelinkten Seiten haben. Deswegen \u00fcbernehmen wir auch keinerlei Verantwortung f\u00fcr Inhalt, Gestaltung und die Datenschutzbestimmungen dieser Seiten.<\/p>\n<p><b>Verwendung von Cookies<br \/>\n<\/b>Es gibt eine Technik, genannt &#8222;Cookies&#8220;, mit deren Hilfe Informationen aus einer Website an Ihre Bed\u00fcrfnisse angepasst werden k\u00f6nnen. Ein Cookie ist ein Datenelement, das eine Website an Ihren Browser schicken kann, um es dort auf Ihrem System zu speichern.<\/p>\n<p>Gelegentlich nutzen auch wir tempor\u00e4re Cookies, damit wir Sie effektiver unterst\u00fctzen k\u00f6nnen, wenn Sie auf eine solche Website zur\u00fcckkommen. Sie haben jedoch die M\u00f6glichkeit, Ihren Browser so einzustellen, dass er Sie davon in Kenntnis setzt, wenn Sie ein Cookie erhalten. Dann k\u00f6nnen Sie selbst entscheiden, ob Sie das akzeptieren wollen oder nicht.<\/p>\n<p><i>Netscape, Mozilla, Firefox:<\/i> -&gt;Bearbeiten -&gt;Einstellungen -&gt;Erweitert -&gt;Cookies<\/p>\n<p><i>Explorer:<\/i> -&gt;Ansicht -&gt;Internetoptionen -&gt;Erweitert -&gt;Cookies<\/p>\n<p><strong>Barrierefreiheit<\/strong><br \/>\nWir bem\u00fchen uns, die Website so barrierefreundlich wie m\u00f6glich zu gestalten. Dazu stellen wir zuk\u00fcnftig neben pdf-Dokumenten auch die entsprechenden word-Dokumente ein. Gleichwohl bitten wir um eine Mitteilung, wenn die Webpr\u00e4sentation verbessert werden sollte.<\/p>\n<\/div>\n<p>Hildesheim, Januar 2025<\/p>\n<\/div>\n<\/div>\n<\/div>\n<\/div>\n","protected":false},"excerpt":{"rendered":"<p>&nbsp; &nbsp; Impressum: Kreistagsfraktion Hildesheim von B\u00fcndnis 90 \/ Die Gr\u00fcnen Vertretungsberechtiger: Fraktionsvorsitzender Holger Schr\u00f6ter-Mallohn (V.i.S.d.P) Kreishaus, Zimmer-Nr. 279 Bischof-Janssen-Str. 31 31134 Hildesheim Tel 05121 \/ 309-2791 Email: jessica.sharma@landkreishildesheim.de Webmasterin: Jessica Sharma Datenschutzerkl\u00e4rung Wir wissen, dass Sie dem Thema Datenschutz gro\u00dfe Bedeutung beimessen. Deshalb ist uns der Schutz Ihrer pers\u00f6nlichen Daten ein wichtiges Anliegen.. Pers\u00f6nliche Daten Pers\u00f6nliche Daten, die Sie uns elektronisch \u00fcbermitteln, z.B. Ihren Namen, Postanschrift, E-Mail-Adresse oder andere pers\u00f6nlichen Angaben, werden von uns nur zum jeweils angegebenen Zweck verwendet, sicher verwahrt und nicht an Dritte weitergegeben. Wir werden Ihnen nur Informationen zuschicken, sofern Sie sich f\u00fcr entsprechende Dienste angemeldet haben. Recht auf Widerruf Sie haben jederzeit das Recht&#8230;  <a href=\"http:\/\/gruene-kreistagsfraktion-hildesheim.de\/?page_id=39\" title=\"Read Impressum\" class=\"readmore\">Weiterlesen &raquo;<\/a><\/p>\n","protected":false},"author":1,"featured_media":0,"parent":19,"menu_order":0,"comment_status":"closed","ping_status":"closed","template":"","meta":{"ngg_post_thumbnail":0,"footnotes":""},"class_list":["post-39","page","type-page","status-publish","hentry"],"_links":{"self":[{"href":"http:\/\/gruene-kreistagsfraktion-hildesheim.de\/index.php?rest_route=\/wp\/v2\/pages\/39","targetHints":{"allow":["GET"]}}],"collection":[{"href":"http:\/\/gruene-kreistagsfraktion-hildesheim.de\/index.php?rest_route=\/wp\/v2\/pages"}],"about":[{"href":"http:\/\/gruene-kreistagsfraktion-hildesheim.de\/index.php?rest_route=\/wp\/v2\/types\/page"}],"author":[{"embeddable":true,"href":"http:\/\/gruene-kreistagsfraktion-hildesheim.de\/index.php?rest_route=\/wp\/v2\/users\/1"}],"replies":[{"embeddable":true,"href":"http:\/\/gruene-kreistagsfraktion-hildesheim.de\/index.php?rest_route=%2Fwp%2Fv2%2Fcomments&post=39"}],"version-history":[{"count":7,"href":"http:\/\/gruene-kreistagsfraktion-hildesheim.de\/index.php?rest_route=\/wp\/v2\/pages\/39\/revisions"}],"predecessor-version":[{"id":2005,"href":"http:\/\/gruene-kreistagsfraktion-hildesheim.de\/index.php?rest_route=\/wp\/v2\/pages\/39\/revisions\/2005"}],"up":[{"embeddable":true,"href":"http:\/\/gruene-kreistagsfraktion-hildesheim.de\/index.php?rest_route=\/wp\/v2\/pages\/19"}],"wp:attachment":[{"href":"http:\/\/gruene-kreistagsfraktion-hildesheim.de\/index.php?rest_route=%2Fwp%2Fv2%2Fmedia&parent=39"}],"curies":[{"name":"wp","href":"https:\/\/api.w.org\/{rel}","templated":true}]}}