{"id":355,"date":"2015-01-08T20:03:50","date_gmt":"2015-01-08T20:03:50","guid":{"rendered":"http:\/\/gruene-kreistagsfraktion-hildesheim.de\/?page_id=355"},"modified":"2016-01-06T12:32:36","modified_gmt":"2016-01-06T12:32:36","slug":"antragsdokumente_2015","status":"publish","type":"page","link":"http:\/\/gruene-kreistagsfraktion-hildesheim.de\/?page_id=355","title":{"rendered":"Antragsdokumente_2015"},"content":{"rendered":"<blockquote><p><a href=\"http:\/\/gruene-kreistagsfraktion-hildesheim.de\/wp-content\/uploads\/2015\/03\/16.1.2015-Steelenbedarf-Kreisjugendpflege.pdf\">2015-01-16 Antrag Informationen zum Stellenbedarf<\/a><\/p>\n<p><a href=\"http:\/\/gruene-kreistagsfraktion-hildesheim.de\/wp-content\/uploads\/2015\/03\/16.1.2015-Bauschuttdeponie-Betheln.pdf\">2015-01-16 Antrag und Anfrage zur Bauschuttdeponie in Betheln<\/a><\/p>\n<p><a href=\"http:\/\/gruene-kreistagsfraktion-hildesheim.de\/wp-content\/uploads\/2015\/03\/22.1.2015-dezentrale-Fl%C3%BCchtlingssozialarbeit.pdf\">2015-01-22 Antrag dezentrale Fl\u00fcchtlingssozialarbeit<\/a><\/p>\n<p><a href=\"http:\/\/gruene-kreistagsfraktion-hildesheim.de\/wp-content\/uploads\/2015\/03\/4.2.2015-Bereitstellung-Mittel-Fachschule-Holztechnik.pdf\">2015-02-04 Antrag Bereitstellung von Mitteln f\u00fcr die Fachschule Holztechnik<\/a><\/p>\n<p><a href=\"http:\/\/gruene-kreistagsfraktion-hildesheim.de\/wp-content\/uploads\/2015\/03\/4.2.2015-Stellenplan-und-Reinigungsdienst.pdf\">2015-02-04 Antrag f\u00fcr \u00c4nderungen im Stellenplan<\/a><\/p>\n<p><a href=\"http:\/\/gruene-kreistagsfraktion-hildesheim.de\/wp-content\/uploads\/2015\/03\/12.2.2015-Antrag-Mittel-f%C3%BCr-energetische-Sanierung.pdf\">2015-02-12 Antrag f\u00fcr zus\u00e4tzliche Mittel f\u00fcr die energetische Sanierung<\/a><\/p>\n<p><a href=\"http:\/\/gruene-kreistagsfraktion-hildesheim.de\/wp-content\/uploads\/2015\/03\/12.2.2015-mittel-f%C3%BCr-Ma%C3%9Fnahmen-zur-Legionellenvermeidung.pdf\">2015-02-12 Antrag auf Mittel f\u00fcr zus\u00e4tzliche Ma\u00dfnahmen zur Legionellenvermeidung<\/a><\/p>\n<p><a href=\"http:\/\/gruene-kreistagsfraktion-hildesheim.de\/wp-content\/uploads\/2016\/01\/Anfrage-Unsetzung-Radwegeprogramm-29.4.2015.pdf\">29.4.2015 Anfrage Unsetzung Radwegeprogramm <\/a><\/p>\n<p><a href=\"http:\/\/gruene-kreistagsfraktion-hildesheim.de\/wp-content\/uploads\/2016\/01\/Umsetzung-UN-Behindertenkonvention-29.4.2015.pdf\">29.4.2015 Umsetzung UN-Behindertenkonvention<\/a><\/p>\n<p><a href=\"http:\/\/gruene-kreistagsfraktion-hildesheim.de\/wp-content\/uploads\/2016\/01\/Antrag-Koordinierungsstelle-Gesundheit-4.6.2015.pdf\">4.6.2015 Antrag Koordinierungsstelle Gesundheit<\/a><\/p>\n<p><a href=\"http:\/\/gruene-kreistagsfraktion-hildesheim.de\/wp-content\/uploads\/2016\/01\/Antrag-Zukunft-Kulturb\u00fcro-5.6.2015.pdf\">5.6.2015 Antrag Zukunft Kulturb\u00fcro<\/a><\/p>\n<p><a href=\"http:\/\/gruene-kreistagsfraktion-hildesheim.de\/wp-content\/uploads\/2016\/01\/Antrag-dezentrale-Fl\u00fcchtlingsarbeit.pdf\">4.6.2015 Antrag dezentrale Fl\u00fcchtlingsarbeit<\/a><\/p>\n<p><a href=\"http:\/\/gruene-kreistagsfraktion-hildesheim.de\/wp-content\/uploads\/2016\/01\/DAntrag-Modellprojekt-Schulassistenz-und-Jugendhilfe.pdf\">9.6.2015 Antrag Modellprojekt Schulassistenz und Jugendhilfe<\/a><\/p>\n<p><a href=\"http:\/\/gruene-kreistagsfraktion-hildesheim.de\/wp-content\/uploads\/2016\/01\/Amfrage-Verwendung-Mittel-Naturschutz-8.6.2015.pdf\">8.6.2015 Anfrage Verwendung Mittel Naturschutz<\/a><\/p>\n<p><a href=\"http:\/\/gruene-kreistagsfraktion-hildesheim.de\/wp-content\/uploads\/2016\/01\/Gefahr-Fracking-Landkreis-8.9.2015.pdf\">8.9.2015 Gefahr Fracking Landkreis <\/a><\/p>\n<p><a href=\"http:\/\/gruene-kreistagsfraktion-hildesheim.de\/wp-content\/uploads\/2016\/01\/Zus\u00e4tzliche-Mittel-Katastrophenschutz-10.11.2015.pdf\">10.11.2015 Zus\u00e4tzliche Mittel Katastrophenschutz <\/a><\/p>\n<p><a href=\"http:\/\/gruene-kreistagsfraktion-hildesheim.de\/wp-content\/uploads\/2016\/01\/Mittel-landespflegerische-Ma\u00dfnahmen-4.12.2015.pdf\">4.12.2015 Mittel landespflegerische Ma\u00dfnahmen <\/a><\/p>\n<p><a href=\"http:\/\/gruene-kreistagsfraktion-hildesheim.de\/wp-content\/uploads\/2016\/01\/Kompensationsfl\u00e4chenkataster-4.12.2015.pdf\">4.12.2015 Kompensationsfl\u00e4chenkataster <\/a><\/p>\n<p><a href=\"http:\/\/gruene-kreistagsfraktion-hildesheim.de\/wp-content\/uploads\/2016\/01\/Wohnraumversorgungskonzept-4.12.2015.pdf\">4.12.2015 Wohnraumversorgungskonzept <\/a><\/p>\n<p>&nbsp;<\/p>\n<p>&nbsp;<\/p>\n<p>&nbsp;<\/p><\/blockquote>\n","protected":false},"excerpt":{"rendered":"<p>2015-01-16 Antrag Informationen zum Stellenbedarf 2015-01-16 Antrag und Anfrage zur Bauschuttdeponie in Betheln 2015-01-22 Antrag dezentrale Fl\u00fcchtlingssozialarbeit 2015-02-04 Antrag Bereitstellung von Mitteln f\u00fcr die Fachschule Holztechnik 2015-02-04 Antrag f\u00fcr \u00c4nderungen im Stellenplan 2015-02-12 Antrag f\u00fcr zus\u00e4tzliche Mittel f\u00fcr die energetische Sanierung 2015-02-12 Antrag auf Mittel f\u00fcr zus\u00e4tzliche Ma\u00dfnahmen zur Legionellenvermeidung 29.4.2015 Anfrage Unsetzung Radwegeprogramm 29.4.2015 Umsetzung UN-Behindertenkonvention 4.6.2015 Antrag Koordinierungsstelle Gesundheit 5.6.2015 Antrag Zukunft Kulturb\u00fcro 4.6.2015 Antrag dezentrale Fl\u00fcchtlingsarbeit 9.6.2015 Antrag Modellprojekt Schulassistenz und Jugendhilfe 8.6.2015 Anfrage Verwendung Mittel Naturschutz 8.9.2015 Gefahr Fracking Landkreis 10.11.2015 Zus\u00e4tzliche Mittel Katastrophenschutz 4.12.2015 Mittel landespflegerische Ma\u00dfnahmen 4.12.2015 Kompensationsfl\u00e4chenkataster 4.12.2015 Wohnraumversorgungskonzept &nbsp; &nbsp; &nbsp;<\/p>\n","protected":false},"author":1,"featured_media":0,"parent":14,"menu_order":0,"comment_status":"closed","ping_status":"closed","template":"","meta":{"ngg_post_thumbnail":0,"footnotes":""},"class_list":["post-355","page","type-page","status-publish","hentry"],"_links":{"self":[{"href":"http:\/\/gruene-kreistagsfraktion-hildesheim.de\/index.php?rest_route=\/wp\/v2\/pages\/355","targetHints":{"allow":["GET"]}}],"collection":[{"href":"http:\/\/gruene-kreistagsfraktion-hildesheim.de\/index.php?rest_route=\/wp\/v2\/pages"}],"about":[{"href":"http:\/\/gruene-kreistagsfraktion-hildesheim.de\/index.php?rest_route=\/wp\/v2\/types\/page"}],"author":[{"embeddable":true,"href":"http:\/\/gruene-kreistagsfraktion-hildesheim.de\/index.php?rest_route=\/wp\/v2\/users\/1"}],"replies":[{"embeddable":true,"href":"http:\/\/gruene-kreistagsfraktion-hildesheim.de\/index.php?rest_route=%2Fwp%2Fv2%2Fcomments&post=355"}],"version-history":[{"count":17,"href":"http:\/\/gruene-kreistagsfraktion-hildesheim.de\/index.php?rest_route=\/wp\/v2\/pages\/355\/revisions"}],"predecessor-version":[{"id":643,"href":"http:\/\/gruene-kreistagsfraktion-hildesheim.de\/index.php?rest_route=\/wp\/v2\/pages\/355\/revisions\/643"}],"up":[{"embeddable":true,"href":"http:\/\/gruene-kreistagsfraktion-hildesheim.de\/index.php?rest_route=\/wp\/v2\/pages\/14"}],"wp:attachment":[{"href":"http:\/\/gruene-kreistagsfraktion-hildesheim.de\/index.php?rest_route=%2Fwp%2Fv2%2Fmedia&parent=355"}],"curies":[{"name":"wp","href":"https:\/\/api.w.org\/{rel}","templated":true}]}}