{"id":27,"date":"2014-04-25T19:20:42","date_gmt":"2014-04-25T19:20:42","guid":{"rendered":"http:\/\/gruene-kreistagsfraktion-hildesheim.de\/?page_id=27"},"modified":"2015-03-19T11:50:58","modified_gmt":"2015-03-19T11:50:58","slug":"antragsdokumente_2014","status":"publish","type":"page","link":"http:\/\/gruene-kreistagsfraktion-hildesheim.de\/?page_id=27","title":{"rendered":"Antragsdokumente_2014"},"content":{"rendered":"<blockquote><p><a href=\"http:\/\/gruene-kreistagsfraktion-hildesheim.de\/wp-content\/uploads\/2014\/04\/2014-01-08-Anfrage-Jagdwaffen.pdf\">2014-01-08 Anfrage Jagdwaffen<\/a><\/p>\n<p><a href=\"http:\/\/gruene-kreistagsfraktion-hildesheim.de\/wp-content\/uploads\/2014\/04\/2014-02-14-Antrag-Bildungslandschaft.pdf\">2014-02-14 Antrag Bildungslandschaft<\/a><\/p>\n<p><a href=\"http:\/\/gruene-kreistagsfraktion-hildesheim.de\/wp-content\/uploads\/2014\/04\/2014-02-27-Antrag-TOP-Braunschweiger-Modell.pdf\">2014-02-27 Antrag TOP Braunschweiger Modell<\/a><\/p>\n<p><a href=\"http:\/\/gruene-kreistagsfraktion-hildesheim.de\/wp-content\/uploads\/2014\/04\/2014-03-07-Antrag-dezentrale-Fl\u00fcchtlingssozialarbeit.pdf\">2014-03-07 Antrag dezentrale Fl\u00fcchtlingssozialarbeit<\/a><\/p>\n<p><a href=\"http:\/\/gruene-kreistagsfraktion-hildesheim.de\/wp-content\/uploads\/2014\/04\/2014-03-11-Anfrage-zum-Raumbedarf-der-KGS-Gronau.pdf\">2014-03-11 Anfrage zum Raumbedarf der KGS Gronau<\/a><\/p>\n<p><a href=\"http:\/\/gruene-kreistagsfraktion-hildesheim.de\/wp-content\/uploads\/2014\/04\/2014-03-14-Antrag-Veterin\u00e4rwesen.pdf\">2014-03-14 Antrag Veterin\u00e4rwesen<\/a><\/p>\n<p><a href=\"http:\/\/gruene-kreistagsfraktion-hildesheim.de\/wp-content\/uploads\/2014\/04\/2014-04-15-Anfrage-zum-Erhalt-von-B\u00e4umen-und-Alleen.pdf\">2014-04-15 Anfrage zum Erhalt von B\u00e4umen und Alleen<\/a><\/p>\n<p><a href=\"http:\/\/gruene-kreistagsfraktion-hildesheim.de\/wp-content\/uploads\/2014\/04\/2014-04-25-Antrag-Ameos.pdf\">2014-04-25 Antrag Ameos<\/a><\/p>\n<p><a href=\"http:\/\/gruene-kreistagsfraktion-hildesheim.de\/wp-content\/uploads\/2014\/04\/2014-05-21-Antrag-fr\u00fchkindliche-Bildung.pdf\">2014-05-21 Antrag fr\u00fchkindliche Bildung<\/a><\/p>\n<p><a href=\"http:\/\/gruene-kreistagsfraktion-hildesheim.de\/wp-content\/uploads\/2014\/04\/2014-06-03-Anfrage-Verkehrssicherheit-bei-Schulbussen-im-LK-n.pdf\">2014-06-03 Anfrage Verkehrssicherheit bei Schulbussen im LK-n<\/a><\/p>\n<p><a href=\"http:\/\/gruene-kreistagsfraktion-hildesheim.de\/wp-content\/uploads\/2014\/04\/2014-06-10-Antrag-Moderationsverfahren-Windenergie.pdf\">2014-06-10 Antrag Moderationsverfahren Windenergie<\/a><\/p>\n<p><a href=\"http:\/\/gruene-kreistagsfraktion-hildesheim.de\/wp-content\/uploads\/2014\/04\/2014-06-10-Antrag-Pflegesituation-im-Landkreis.pdf\">2014-06-10 Antrag Pflegesituation im Landkreis<\/a><\/p>\n<p><a href=\"http:\/\/gruene-kreistagsfraktion-hildesheim.de\/wp-content\/uploads\/2014\/10\/Anfrage-zu-neuen-Methoden-im-Stra%C3%9Fen-und-Radwegebau-25.9.2014-pdf.pdf\">2014-09-25 Anfrage zu neunen Methoden im Stra\u00dfen- und Radwegebau<\/a><\/p>\n<p><a href=\"http:\/\/gruene-kreistagsfraktion-hildesheim.de\/wp-content\/uploads\/2014\/10\/Anfrage-zu-Kinderbetreuung-2.10.2014.pdf\">2014-10-02 Anfrage zu Kinderbetreuung<\/a><\/p>\n<p><a href=\"http:\/\/gruene-kreistagsfraktion-hildesheim.de\/wp-content\/uploads\/2014\/10\/Anfrage-zur-Sch%C3%BClerbef%C3%B6rderungssatzung-2.10.2014.pdf\">2014-10-02 Anfrage zur Sch\u00fclerbef\u00f6rderungssatzung<\/a><\/p>\n<p><a href=\"http:\/\/gruene-kreistagsfraktion-hildesheim.de\/wp-content\/uploads\/2014\/10\/Antrag-Geschwindigketisbegrenzung-auf-der-B1-30.9.2014.pdf\">2014-10-06 Antrag auf Geschwindigkeitsbegrenzung auf der B1<\/a><\/p>\n<p><a href=\"http:\/\/gruene-kreistagsfraktion-hildesheim.de\/wp-content\/uploads\/2014\/10\/Antrag-Heizkostenspiegel-HiAZ-6.10.2014.pdf\">2014-10-06 Antrag Heizkostenspiegel<\/a><\/p>\n<p><a href=\"http:\/\/gruene-kreistagsfraktion-hildesheim.de\/wp-content\/uploads\/2015\/03\/Antrag-Beibehaltung-H%C3%B6he-Kreisumlage.pdf\">2014-11-25 Antrag Beibehaltung der H\u00f6he der Kreisumlage<\/a><\/p>\n<p><a href=\"http:\/\/gruene-kreistagsfraktion-hildesheim.de\/wp-content\/uploads\/2015\/03\/Antrag-F%C3%B6rdrung-Fusion-von-Gemeinden.pdf\">2014-11-25 Antrag F\u00f6rderung Fusion von Gemeinden<\/a><\/p>\n<p><a href=\"http:\/\/gruene-kreistagsfraktion-hildesheim.de\/wp-content\/uploads\/2015\/03\/Antrag-fr%C3%BChkindliche-F%C3%B6rderung-18.12.2014.pdf\">2014-12-18 Antrag fr\u00fchkindliche F\u00f6rderung<\/a><\/p><\/blockquote>\n","protected":false},"excerpt":{"rendered":"<p>2014-01-08 Anfrage Jagdwaffen 2014-02-14 Antrag Bildungslandschaft 2014-02-27 Antrag TOP Braunschweiger Modell 2014-03-07 Antrag dezentrale Fl\u00fcchtlingssozialarbeit 2014-03-11 Anfrage zum Raumbedarf der KGS Gronau 2014-03-14 Antrag Veterin\u00e4rwesen 2014-04-15 Anfrage zum Erhalt von B\u00e4umen und Alleen 2014-04-25 Antrag Ameos 2014-05-21 Antrag fr\u00fchkindliche Bildung 2014-06-03 Anfrage Verkehrssicherheit bei Schulbussen im LK-n 2014-06-10 Antrag Moderationsverfahren Windenergie 2014-06-10 Antrag Pflegesituation im Landkreis 2014-09-25 Anfrage zu neunen Methoden im Stra\u00dfen- und Radwegebau 2014-10-02 Anfrage zu Kinderbetreuung 2014-10-02 Anfrage zur Sch\u00fclerbef\u00f6rderungssatzung 2014-10-06 Antrag auf Geschwindigkeitsbegrenzung auf der B1 2014-10-06 Antrag Heizkostenspiegel 2014-11-25 Antrag Beibehaltung der H\u00f6he der Kreisumlage 2014-11-25 Antrag F\u00f6rderung Fusion von Gemeinden 2014-12-18 Antrag fr\u00fchkindliche F\u00f6rderung<\/p>\n","protected":false},"author":1,"featured_media":0,"parent":14,"menu_order":0,"comment_status":"closed","ping_status":"closed","template":"","meta":{"ngg_post_thumbnail":0,"footnotes":""},"class_list":["post-27","page","type-page","status-publish","hentry"],"_links":{"self":[{"href":"http:\/\/gruene-kreistagsfraktion-hildesheim.de\/index.php?rest_route=\/wp\/v2\/pages\/27","targetHints":{"allow":["GET"]}}],"collection":[{"href":"http:\/\/gruene-kreistagsfraktion-hildesheim.de\/index.php?rest_route=\/wp\/v2\/pages"}],"about":[{"href":"http:\/\/gruene-kreistagsfraktion-hildesheim.de\/index.php?rest_route=\/wp\/v2\/types\/page"}],"author":[{"embeddable":true,"href":"http:\/\/gruene-kreistagsfraktion-hildesheim.de\/index.php?rest_route=\/wp\/v2\/users\/1"}],"replies":[{"embeddable":true,"href":"http:\/\/gruene-kreistagsfraktion-hildesheim.de\/index.php?rest_route=%2Fwp%2Fv2%2Fcomments&post=27"}],"version-history":[{"count":11,"href":"http:\/\/gruene-kreistagsfraktion-hildesheim.de\/index.php?rest_route=\/wp\/v2\/pages\/27\/revisions"}],"predecessor-version":[{"id":557,"href":"http:\/\/gruene-kreistagsfraktion-hildesheim.de\/index.php?rest_route=\/wp\/v2\/pages\/27\/revisions\/557"}],"up":[{"embeddable":true,"href":"http:\/\/gruene-kreistagsfraktion-hildesheim.de\/index.php?rest_route=\/wp\/v2\/pages\/14"}],"wp:attachment":[{"href":"http:\/\/gruene-kreistagsfraktion-hildesheim.de\/index.php?rest_route=%2Fwp%2Fv2%2Fmedia&parent=27"}],"curies":[{"name":"wp","href":"https:\/\/api.w.org\/{rel}","templated":true}]}}