{"id":2008,"date":"2025-02-11T09:11:53","date_gmt":"2025-02-11T09:11:53","guid":{"rendered":"http:\/\/gruene-kreistagsfraktion-hildesheim.de\/?page_id=2008"},"modified":"2025-02-11T17:27:49","modified_gmt":"2025-02-11T17:27:49","slug":"ausschuesse-und-gremien","status":"publish","type":"page","link":"http:\/\/gruene-kreistagsfraktion-hildesheim.de\/?page_id=2008","title":{"rendered":"Aussch\u00fcsse und Gremien"},"content":{"rendered":"<p><strong>Aussch\u00fcsse und weitere Gremien<\/strong><br \/>\nGr\u00fcne Kreistagsmitglieder sind in folgenden Aussch\u00fcssen und Gremien vertreten:<br \/>\nStand der Angaben 2\/2025<\/p>\n<ul>\n<li><strong>Kreissausschuss (KA)<\/strong><br \/>\nHolger Schr\u00f6ter-Mallohn<br \/>\nPeter Diefenbach<br \/>\nStefan Kolan (stellv.)<br \/>\nEkkehard Domning (stellv.)<\/li>\n<li><strong>Ausschuss f\u00fcr Finanzen, Personal, Digitalisierung und innere Dienste (Ausschuss 1)<\/strong><br \/>\nDr. Holger Sch\u00fctte (stellv. Vorsitzender)<br \/>\nHolger Schr\u00f6ter Mallohn<br \/>\nEkkehard Dominig (stellv.)<br \/>\nGabriele Ruddigkeit (stellv.)<\/li>\n<li><strong>Ausschuss f\u00fcr Klimaschutz, Umwelt undHochwasserschutz (Ausschuss 2)<\/strong><br \/>\nSusanne Weber (Vorsitzende)<br \/>\nOliver Kersten-Wilk<br \/>\nStefan Kolan<br \/>\nEkkehard Domning<br \/>\nDr. Holger Sch\u00fctte (stellv.)<br \/>\nLutz Loebel (stellv.)<\/li>\n<li><strong>Ausschuss Verkehrssicherheit, Verbraucher- und Bev\u00f6lkerungsschutz (Ausschuss 3)<\/strong><br \/>\nLutz Loebel<br \/>\nDr. Holger Sch\u00fctte<br \/>\nHolger Schr\u00f6ter-Mallohn (stellv.)<br \/>\nStefan Kolan (stellv.)<\/li>\n<li><strong>Ausschuss f\u00fcr Bildung, Kreisentwicklung Bau und Tiefbau (Ausschuss 4)<\/strong><br \/>\nEkkehard Domning (stellv. Vorsitzender)<br \/>\nDr. Susanne Weber<br \/>\nPeter Diefenbach<br \/>\nOliver Kersten-Wilk&nbsp;(stellv.)<br \/>\nDr. Holger Sch\u00fctte (stellv.)<br \/>\nHolger Schr\u00f6ter-Mallohn (stellv.)<\/li>\n<li><strong>Ausschuss f\u00fcr Schule und Kultur (Ausschuss 5)<\/strong><br \/>\nPeter Diefenbach (Sprecher Gr\u00fcne KT-Fraktion)<br \/>\nCaroline Lud\u00e4scher<br \/>\nGabriele Ruddigkeit<br \/>\nDr. Holger Sch\u00fctte&nbsp;(stellv.)<br \/>\nOliver Kersten-Wilk (stellv.)<br \/>\nHolger Schr\u00f6ter-Mallohn (stellv.)<\/li>\n<li><strong>Ausschuss f\u00fcr Soziales, Jugend und Gesundheit (Ausschuss 6)<\/strong><br \/>\nHolger Schr\u00f6ter-Mallohn (Sprecher Gr\u00fcne KT-Fraktion)<br \/>\nStefan Kolan<br \/>\nGabriele Ruddigkeit<br \/>\nSusanne Weber (stellv.)<br \/>\nOliver Kersten-Wilk (stellv.)<br \/>\nCaroline Lud\u00e4scher (stellv.)<\/li>\n<li><strong>Jugendhilfeausschuss (JHA)<\/strong><br \/>\nStefan Kolan (stellv. Vorsitzender)<br \/>\nLutz Loebel<br \/>\nHolger Schr\u00f6ter-Mallohn (stellv.)<br \/>\nPeter Diefenbach (stellv.)<\/li>\n<li><strong>Ausschuss Migration, Integration, Bev\u00f6lkerungsentwicklung und Netzzugang<\/strong><br \/>\nEkkehard Domning (Vorsitzender)<br \/>\nCaroline Lud\u00e4scher<br \/>\nGabriele Ruddigkeit<br \/>\nLutz Loebel (stellv.)<br \/>\nPeter Diefenbach (stellv.)<br \/>\nStefan Kolan (stellv.)<br \/>\nHolger Schr\u00f6ter-Mallohn (stellv.)<\/li>\n<li><strong>Sicherungs- und Sanierungsbeirat<\/strong><br \/>\nOliver Kersten-Wilk<\/li>\n<li><strong>Verbandsausschuss Zweckverband Abfallwirtschaft (ZAH)<\/strong><br \/>\nDr. Susanne Weber<br \/>\nLutz Loebel (stellv.)<\/li>\n<li><strong>Gesellschafterversammlung Betriebsgesellschaft Jugendeinrichtungen gGmbH<\/strong><br \/>\nCaroline Lud\u00e4scher<\/li>\n<li><strong>Beirat Jobcenter<\/strong><br \/>\nPeter Diefenbach<\/li>\n<li><strong>Gesellschafterversammlung Klimaschutzagentur Landkreis Hildesheim gGmbH<\/strong><br \/>\nDr. Susanne Weber<br \/>\nOliver Kersten-Wilk<\/li>\n<li><strong>Aufsichtsrat Kreiswohnbau Hildesheim GmbH<\/strong><br \/>\nHolger Schr\u00f6ter-Mallohn<br \/>\nDr. Susanne Weber<\/li>\n<li><strong>Bildungsbeirat<\/strong><br \/>\nCaroline Lud\u00e4scher (Vorsitzende)<\/li>\n<li><strong>Aufsichtsrat Kurbetriebsgesellschaft mbH Bad Salzdetfurth<\/strong><br \/>\nHolger Schr\u00f6ter-Mallohn<\/li>\n<li><strong>Aufsichtsrat Landkreis Hildesheim Holding GmbH<\/strong><br \/>\nDr. Holger Sch\u00fctte<\/li>\n<li><strong>Beirat Landschaftsverband Hildesheim e.V.<\/strong><br \/>\nPeter Diefenbach<\/li>\n<li><strong>Aufsichtsrat Regionalverkehr Hildesheim GmbH<\/strong><br \/>\nEkkehard Domning<\/li>\n<li><strong>Sparkassen-Regionalbeirat der Sparkasse Hildesheim \u2013 Goslar \u2013 Peine<\/strong><br \/>\nLutz Loebel<\/li>\n<li><strong>Aufsichtsrat Theater f\u00fcr Niedersachsen GmbH<\/strong><br \/>\nStefan Kolan<\/li>\n<li><strong>Aufsichtsrat \u00dcberlandwerke Leinetal GmbH<\/strong><br \/>\nDr. Holger Sch\u00fctte<\/li>\n<li><strong>Beirat Volkshochschule Hildesheim gGmbH<\/strong><br \/>\nGabriele Ruddigkeit<\/li>\n<\/ul>\n<p>&nbsp;<\/p>\n<p><a href=\"_wp_link_placeholder\" data-wplink-edit=\"true\">&gt;&gt; Weitere Informationen finden sie im Kreistagsinformationssystem des Landkreises.<\/a><\/p>\n","protected":false},"excerpt":{"rendered":"<p>Aussch\u00fcsse und weitere Gremien Gr\u00fcne Kreistagsmitglieder sind in folgenden Aussch\u00fcssen und Gremien vertreten: Stand der Angaben 2\/2025 Kreissausschuss (KA) Holger Schr\u00f6ter-Mallohn Peter Diefenbach Stefan Kolan (stellv.) Ekkehard Domning (stellv.) Ausschuss f\u00fcr Finanzen, Personal, Digitalisierung und innere Dienste (Ausschuss 1) Dr. Holger Sch\u00fctte (stellv. Vorsitzender) Holger Schr\u00f6ter Mallohn Ekkehard Dominig (stellv.) Gabriele Ruddigkeit (stellv.) Ausschuss f\u00fcr Klimaschutz, Umwelt undHochwasserschutz (Ausschuss 2) Susanne Weber (Vorsitzende) Oliver Kersten-Wilk Stefan Kolan Ekkehard Domning Dr. Holger Sch\u00fctte (stellv.) Lutz Loebel (stellv.) Ausschuss Verkehrssicherheit, Verbraucher- und Bev\u00f6lkerungsschutz (Ausschuss 3) Lutz Loebel Dr. Holger Sch\u00fctte Holger Schr\u00f6ter-Mallohn (stellv.) Stefan Kolan (stellv.) Ausschuss f\u00fcr Bildung, Kreisentwicklung Bau und Tiefbau (Ausschuss 4) Ekkehard Domning (stellv. Vorsitzender) Dr. Susanne Weber&#8230;  <a href=\"http:\/\/gruene-kreistagsfraktion-hildesheim.de\/?page_id=2008\" title=\"Read Aussch\u00fcsse und Gremien\" class=\"readmore\">Weiterlesen &raquo;<\/a><\/p>\n","protected":false},"author":1,"featured_media":0,"parent":0,"menu_order":0,"comment_status":"closed","ping_status":"closed","template":"","meta":{"ngg_post_thumbnail":0,"footnotes":""},"class_list":["post-2008","page","type-page","status-publish","hentry"],"_links":{"self":[{"href":"http:\/\/gruene-kreistagsfraktion-hildesheim.de\/index.php?rest_route=\/wp\/v2\/pages\/2008","targetHints":{"allow":["GET"]}}],"collection":[{"href":"http:\/\/gruene-kreistagsfraktion-hildesheim.de\/index.php?rest_route=\/wp\/v2\/pages"}],"about":[{"href":"http:\/\/gruene-kreistagsfraktion-hildesheim.de\/index.php?rest_route=\/wp\/v2\/types\/page"}],"author":[{"embeddable":true,"href":"http:\/\/gruene-kreistagsfraktion-hildesheim.de\/index.php?rest_route=\/wp\/v2\/users\/1"}],"replies":[{"embeddable":true,"href":"http:\/\/gruene-kreistagsfraktion-hildesheim.de\/index.php?rest_route=%2Fwp%2Fv2%2Fcomments&post=2008"}],"version-history":[{"count":9,"href":"http:\/\/gruene-kreistagsfraktion-hildesheim.de\/index.php?rest_route=\/wp\/v2\/pages\/2008\/revisions"}],"predecessor-version":[{"id":2033,"href":"http:\/\/gruene-kreistagsfraktion-hildesheim.de\/index.php?rest_route=\/wp\/v2\/pages\/2008\/revisions\/2033"}],"wp:attachment":[{"href":"http:\/\/gruene-kreistagsfraktion-hildesheim.de\/index.php?rest_route=%2Fwp%2Fv2%2Fmedia&parent=2008"}],"curies":[{"name":"wp","href":"https:\/\/api.w.org\/{rel}","templated":true}]}}