{"id":19,"date":"2014-04-25T19:19:09","date_gmt":"2014-04-25T19:19:09","guid":{"rendered":"http:\/\/gruene-kreistagsfraktion-hildesheim.de\/?page_id=19"},"modified":"2025-02-10T20:18:39","modified_gmt":"2025-02-10T20:18:39","slug":"kontakt","status":"publish","type":"page","link":"http:\/\/gruene-kreistagsfraktion-hildesheim.de\/?page_id=19","title":{"rendered":"Kontakt"},"content":{"rendered":"<h4>Fraktionsgesch\u00e4ftsf\u00fchrerin:<\/h4>\n<h4>Jessica Sharma<\/h4>\n<p><span style=\"font-size: medium;\">Marie-Wagenknecht-Stra\u00dfe 3<br \/>\n<\/span><span style=\"font-size: medium;\">31134 Hildesheim<\/span><\/p>\n<p><strong>FON 05121-309-2791 <\/strong><br \/>\n<strong> E-Mail:&nbsp; <a>jessica.sharma@landkreishildesheim.de<\/a><\/strong><\/p>\n<p>&nbsp;<\/p>\n<p>&nbsp;<\/p>\n","protected":false},"excerpt":{"rendered":"<p>Fraktionsgesch\u00e4ftsf\u00fchrerin: Jessica Sharma Marie-Wagenknecht-Stra\u00dfe 3 31134 Hildesheim FON 05121-309-2791 E-Mail:&nbsp; jessica.sharma@landkreishildesheim.de &nbsp; &nbsp;<\/p>\n","protected":false},"author":1,"featured_media":0,"parent":0,"menu_order":0,"comment_status":"closed","ping_status":"closed","template":"","meta":{"ngg_post_thumbnail":0,"footnotes":""},"class_list":["post-19","page","type-page","status-publish","hentry"],"_links":{"self":[{"href":"http:\/\/gruene-kreistagsfraktion-hildesheim.de\/index.php?rest_route=\/wp\/v2\/pages\/19","targetHints":{"allow":["GET"]}}],"collection":[{"href":"http:\/\/gruene-kreistagsfraktion-hildesheim.de\/index.php?rest_route=\/wp\/v2\/pages"}],"about":[{"href":"http:\/\/gruene-kreistagsfraktion-hildesheim.de\/index.php?rest_route=\/wp\/v2\/types\/page"}],"author":[{"embeddable":true,"href":"http:\/\/gruene-kreistagsfraktion-hildesheim.de\/index.php?rest_route=\/wp\/v2\/users\/1"}],"replies":[{"embeddable":true,"href":"http:\/\/gruene-kreistagsfraktion-hildesheim.de\/index.php?rest_route=%2Fwp%2Fv2%2Fcomments&post=19"}],"version-history":[{"count":10,"href":"http:\/\/gruene-kreistagsfraktion-hildesheim.de\/index.php?rest_route=\/wp\/v2\/pages\/19\/revisions"}],"predecessor-version":[{"id":2004,"href":"http:\/\/gruene-kreistagsfraktion-hildesheim.de\/index.php?rest_route=\/wp\/v2\/pages\/19\/revisions\/2004"}],"wp:attachment":[{"href":"http:\/\/gruene-kreistagsfraktion-hildesheim.de\/index.php?rest_route=%2Fwp%2Fv2%2Fmedia&parent=19"}],"curies":[{"name":"wp","href":"https:\/\/api.w.org\/{rel}","templated":true}]}}